{"id":1172,"date":"2020-08-05T16:42:05","date_gmt":"2020-08-05T16:42:05","guid":{"rendered":"http:\/\/www.purmaq.com\/?page_id=1172"},"modified":"2020-11-15T18:20:57","modified_gmt":"2020-11-15T18:20:57","slug":"localizacao","status":"publish","type":"page","link":"http:\/\/www.purmaq.com\/es\/localizacao\/","title":{"rendered":"UBICACI\u00d3N"},"content":{"rendered":"<h2>UBICACI\u00d3N<\/h2>\n<p>A <b>PURMAQ<\/b>\u00a0tiene su sede en la parroquia de Castelo da Maia, siendo solo:<\/p>\n<ul>\n<li>a <strong>10 minutos del aeropuerto\u00a0Francisco S\u00e1 Carneiro<\/strong> (facilitando los viajes con sus socios empresariales y clientes)<\/li>\n<li>A<strong> 5 minutos de la autopista<\/strong>\u00a0(acceso r\u00e1pido a cualquier cliente que necesite asistencia t\u00e9cnica especializada)<\/li>\n<\/ul>\n<figure><img src=\"http:\/\/www.purmaq.com\/wp-content\/uploads\/elementor\/thumbs\/Localizacao-oqvu56swe523ywhekvdtr9i0y3zgp1g6ra0dpciqlc.png\" title=\"Localizacao\" alt=\"Localizacao\" \/><\/figure>\n<h3>DIRECCI\u00d3N<\/h3>\n<p>Rua de Avioso, 184 <br \/>\nApartado 2036<br \/>\nCast\u00ealo da Maia<br \/>\n4476-909 Maia<br \/>\nPORTUGAL<\/p>\n<p style=\"text-align: center;\">\u00bfNecesitas ayuda para encontrarnos?<\/p>\n<p>\t\t\t\t\t\t\t\t\t\t\t<a href=\"https:\/\/www.google.pt\/maps\/place\/Purmaq+-+Com%C3%A9rcio+de+Sistemas+de+Poliuretano,+Lda\/@41.2660799,-8.6090993,17z\/data=!3m1!4b1!4m5!3m4!1s0xd246771bf8fcee3:0x54246905cf503b83!8m2!3d41.2660759!4d-8.6069106\" target=\"_blank\" rel=\"noopener noreferrer\"><br \/>\n\t\t\t\t\t\t\t<img width=\"150\" height=\"150\" src=\"http:\/\/www.purmaq.com\/wp-content\/uploads\/2020\/06\/GoogleMaps-150x150.png\" alt=\"\" loading=\"lazy\" srcset=\"http:\/\/www.purmaq.com\/wp-content\/uploads\/2020\/06\/GoogleMaps-150x150.png 150w, http:\/\/www.purmaq.com\/wp-content\/uploads\/2020\/06\/GoogleMaps.png 177w\" sizes=\"(max-width: 150px) 100vw, 150px\" \/>\t\t\t\t\t\t\t\t<\/a><br \/>\n\t\t\t\t\t\t\t\t\t\t\t<a href=\"https:\/\/www.waze.com\/pt-PT\/livemap\/directions?latlng=41.2660759%2C-8.606910599999999\" target=\"_blank\" rel=\"noopener noreferrer\"><br \/>\n\t\t\t\t\t\t\t<img width=\"150\" height=\"150\" src=\"http:\/\/www.purmaq.com\/wp-content\/uploads\/2020\/06\/waze_PNG39-150x150.png\" alt=\"\" loading=\"lazy\" srcset=\"http:\/\/www.purmaq.com\/wp-content\/uploads\/2020\/06\/waze_PNG39-150x150.png 150w, http:\/\/www.purmaq.com\/wp-content\/uploads\/2020\/06\/waze_PNG39-300x300.png 300w, http:\/\/www.purmaq.com\/wp-content\/uploads\/2020\/06\/waze_PNG39.png 411w\" sizes=\"(max-width: 150px) 100vw, 150px\" \/>\t\t\t\t\t\t\t\t<\/a><\/p>\n","protected":false},"excerpt":{"rendered":"<p>UBICACI\u00d3N A PURMAQ\u00a0tiene su sede en la parroquia de Castelo da Maia, siendo solo: a 10 minutos del aeropuerto\u00a0Francisco S\u00e1 Carneiro (facilitando los viajes con sus socios empresariales y clientes) A 5 minutos de la autopista\u00a0(acceso r\u00e1pido a cualquier cliente que necesite asistencia t\u00e9cnica especializada) DIRECCI\u00d3N Rua de Avioso, 184 Apartado 2036 Cast\u00ealo da Maia [&hellip;]<\/p>\n","protected":false},"author":1,"featured_media":0,"parent":0,"menu_order":0,"comment_status":"closed","ping_status":"closed","template":"page-templates\/pagebuilder.php","meta":[],"translation":{"provider":"WPGlobus","version":"2.6.8","language":"es","enabled_languages":["pt","gb","es"],"languages":{"pt":{"title":true,"content":true,"excerpt":false},"gb":{"title":true,"content":true,"excerpt":false},"es":{"title":true,"content":true,"excerpt":false}}},"_links":{"self":[{"href":"http:\/\/www.purmaq.com\/es\/wp-json\/wp\/v2\/pages\/1172"}],"collection":[{"href":"http:\/\/www.purmaq.com\/es\/wp-json\/wp\/v2\/pages"}],"about":[{"href":"http:\/\/www.purmaq.com\/es\/wp-json\/wp\/v2\/types\/page"}],"author":[{"embeddable":true,"href":"http:\/\/www.purmaq.com\/es\/wp-json\/wp\/v2\/users\/1"}],"replies":[{"embeddable":true,"href":"http:\/\/www.purmaq.com\/es\/wp-json\/wp\/v2\/comments?post=1172"}],"version-history":[{"count":25,"href":"http:\/\/www.purmaq.com\/es\/wp-json\/wp\/v2\/pages\/1172\/revisions"}],"predecessor-version":[{"id":1352,"href":"http:\/\/www.purmaq.com\/es\/wp-json\/wp\/v2\/pages\/1172\/revisions\/1352"}],"wp:attachment":[{"href":"http:\/\/www.purmaq.com\/es\/wp-json\/wp\/v2\/media?parent=1172"}],"curies":[{"name":"wp","href":"https:\/\/api.w.org\/{rel}","templated":true}]}}