{"id":722,"date":"2020-06-11T16:18:53","date_gmt":"2020-06-11T16:18:53","guid":{"rendered":"http:\/\/www.purmaq.com\/?page_id=722"},"modified":"2020-11-15T19:23:03","modified_gmt":"2020-11-15T19:23:03","slug":"sobre-nos","status":"publish","type":"page","link":"http:\/\/www.purmaq.com\/es\/sobre-nos\/","title":{"rendered":"Sobre Nosotros"},"content":{"rendered":"<h3>SOBRE NOSOTROS<\/h3>\n<p>\n<b>PURMAQ<\/b> comenz\u00f3 sus actividades como representante y distribuidor de sistemas de poliuretano en febrero de 2004.<br \/>\nDesde ese a\u00f1o, ha expandido su mercado, basado en sus alianzas estrat\u00e9gicas internacionales y su esp\u00edritu emprendedor.<br \/>\nEstamos presentes en todas partes del pa\u00eds y el norte de Espa\u00f1a.<br \/>\nLos sectores donde desarrollamos y dise\u00f1amos con mayor frecuencia son:<br \/>\n\u25ba Enfriamiento<br \/>\n\u25ba Paneles<br \/>\n\u25ba muebles<br \/>\n\u25ba calentadores de agua<br \/>\n\u25ba Paneles solares<br \/>\n\u25ba Proyecci\u00f3n \/ Spray<br \/>\n\u25ba tuber\u00edas refrigeradas<br \/>\n\u25ba Coating<br \/>\n\u25ba Colchones y marcos<br \/>\n\u25ba Ba\u00f1os<br \/>\n\u25ba Industria del poli\u00e9ster<br \/>\n\u00a1Pero estamos disponibles para ayudar a su idea de negocio con nuestro conocimiento sobre todo lo que involucra <b>POLIURETANO<\/b>!\t\t<\/p>\n<h2><BR><\/h2>\n<h4>Agente \/ Distribuidor de sistemas r\u00edgidos y flexibles de poliuretano, pastas pigmentadas y adhesivos.<\/h4>\n<h2><BR><\/h2>\n<h4>\nAgente \/ Distribuidor de equipos para la industria de poliuretanos, poli\u00e9steres y adhesivos.<\/h4>\n","protected":false},"excerpt":{"rendered":"<p>SOBRE NOSOTROS PURMAQ comenz\u00f3 sus actividades como representante y distribuidor de sistemas de poliuretano en febrero de 2004. Desde ese a\u00f1o, ha expandido su mercado, basado en sus alianzas estrat\u00e9gicas internacionales y su esp\u00edritu emprendedor. Estamos presentes en todas partes del pa\u00eds y el norte de Espa\u00f1a. Los sectores donde desarrollamos y dise\u00f1amos con mayor [&hellip;]<\/p>\n","protected":false},"author":1,"featured_media":0,"parent":0,"menu_order":0,"comment_status":"closed","ping_status":"closed","template":"page-templates\/pagebuilder.php","meta":[],"translation":{"provider":"WPGlobus","version":"2.6.8","language":"es","enabled_languages":["pt","gb","es"],"languages":{"pt":{"title":true,"content":true,"excerpt":true},"gb":{"title":true,"content":true,"excerpt":false},"es":{"title":true,"content":true,"excerpt":true}}},"_links":{"self":[{"href":"http:\/\/www.purmaq.com\/es\/wp-json\/wp\/v2\/pages\/722"}],"collection":[{"href":"http:\/\/www.purmaq.com\/es\/wp-json\/wp\/v2\/pages"}],"about":[{"href":"http:\/\/www.purmaq.com\/es\/wp-json\/wp\/v2\/types\/page"}],"author":[{"embeddable":true,"href":"http:\/\/www.purmaq.com\/es\/wp-json\/wp\/v2\/users\/1"}],"replies":[{"embeddable":true,"href":"http:\/\/www.purmaq.com\/es\/wp-json\/wp\/v2\/comments?post=722"}],"version-history":[{"count":84,"href":"http:\/\/www.purmaq.com\/es\/wp-json\/wp\/v2\/pages\/722\/revisions"}],"predecessor-version":[{"id":1369,"href":"http:\/\/www.purmaq.com\/es\/wp-json\/wp\/v2\/pages\/722\/revisions\/1369"}],"wp:attachment":[{"href":"http:\/\/www.purmaq.com\/es\/wp-json\/wp\/v2\/media?parent=722"}],"curies":[{"name":"wp","href":"https:\/\/api.w.org\/{rel}","templated":true}]}}