{"id":781,"date":"2020-06-11T20:54:33","date_gmt":"2020-06-11T20:54:33","guid":{"rendered":"http:\/\/www.purmaq.com\/?page_id=781"},"modified":"2020-11-12T16:02:13","modified_gmt":"2020-11-12T16:02:13","slug":"servicos","status":"publish","type":"page","link":"http:\/\/www.purmaq.com\/es\/servicos\/","title":{"rendered":"Servicios"},"content":{"rendered":"<h2>SERVICIOS<\/h2>\n<figure><img width=\"177\" height=\"176\" src=\"http:\/\/www.purmaq.com\/wp-content\/uploads\/2020\/06\/ServEqp.png\" alt=\"\" loading=\"lazy\" srcset=\"http:\/\/www.purmaq.com\/wp-content\/uploads\/2020\/06\/ServEqp.png 177w, http:\/\/www.purmaq.com\/wp-content\/uploads\/2020\/06\/ServEqp-150x150.png 150w\" sizes=\"(max-width: 177px) 100vw, 177px\" \/><\/figure>\n<h3>EQUIPOS<\/h3>\n<p>Comercializaci\u00f3n de equipos para poliuretanos y poli\u00e9ster.<\/p>\n<figure><img width=\"177\" height=\"176\" src=\"http:\/\/www.purmaq.com\/wp-content\/uploads\/2020\/06\/ServSist.png\" alt=\"\" loading=\"lazy\" srcset=\"http:\/\/www.purmaq.com\/wp-content\/uploads\/2020\/06\/ServSist.png 177w, http:\/\/www.purmaq.com\/wp-content\/uploads\/2020\/06\/ServSist-150x150.png 150w\" sizes=\"(max-width: 177px) 100vw, 177px\" \/><\/figure>\n<h3>SISTEMAS<\/h3>\n<p>Comercializaci\u00f3n de sistemas de poliuretano r\u00edgidos y flexibles.<\/p>\n<figure><img width=\"177\" height=\"176\" src=\"http:\/\/www.purmaq.com\/wp-content\/uploads\/2020\/06\/ServDes.png\" alt=\"\" loading=\"lazy\" srcset=\"http:\/\/www.purmaq.com\/wp-content\/uploads\/2020\/06\/ServDes.png 177w, http:\/\/www.purmaq.com\/wp-content\/uploads\/2020\/06\/ServDes-150x150.png 150w\" sizes=\"(max-width: 177px) 100vw, 177px\" \/><\/figure>\n<h3>DESARROLLO<\/h3>\n<p>Desarrollo de productos y proyectos.<\/p>\n<figure><img width=\"177\" height=\"176\" src=\"http:\/\/www.purmaq.com\/wp-content\/uploads\/2020\/06\/ServProd.png\" alt=\"\" loading=\"lazy\" srcset=\"http:\/\/www.purmaq.com\/wp-content\/uploads\/2020\/06\/ServProd.png 177w, http:\/\/www.purmaq.com\/wp-content\/uploads\/2020\/06\/ServProd-150x150.png 150w\" sizes=\"(max-width: 177px) 100vw, 177px\" \/><\/figure>\n<h3>PRODUCCI\u00d3N<\/h3>\n<p>Monitoreo de producci\u00f3n.<\/p>\n<figure><img width=\"177\" height=\"176\" src=\"http:\/\/www.purmaq.com\/wp-content\/uploads\/2020\/06\/ServAssist.png\" alt=\"\" loading=\"lazy\" srcset=\"http:\/\/www.purmaq.com\/wp-content\/uploads\/2020\/06\/ServAssist.png 177w, http:\/\/www.purmaq.com\/wp-content\/uploads\/2020\/06\/ServAssist-150x150.png 150w\" sizes=\"(max-width: 177px) 100vw, 177px\" \/><\/figure>\n<h3>ASISTENCIA<\/h3>\n<p>\nAsistencia t\u00e9cnica especializada.<\/p>\n","protected":false},"excerpt":{"rendered":"<p>SERVICIOS EQUIPOS Comercializaci\u00f3n de equipos para poliuretanos y poli\u00e9ster. SISTEMAS Comercializaci\u00f3n de sistemas de poliuretano r\u00edgidos y flexibles. DESARROLLO Desarrollo de productos y proyectos. PRODUCCI\u00d3N Monitoreo de producci\u00f3n. ASISTENCIA Asistencia t\u00e9cnica especializada.<\/p>\n","protected":false},"author":1,"featured_media":0,"parent":0,"menu_order":0,"comment_status":"closed","ping_status":"closed","template":"page-templates\/pagebuilder.php","meta":[],"translation":{"provider":"WPGlobus","version":"2.6.8","language":"es","enabled_languages":["pt","gb","es"],"languages":{"pt":{"title":true,"content":true,"excerpt":true},"gb":{"title":true,"content":true,"excerpt":true},"es":{"title":true,"content":true,"excerpt":false}}},"_links":{"self":[{"href":"http:\/\/www.purmaq.com\/es\/wp-json\/wp\/v2\/pages\/781"}],"collection":[{"href":"http:\/\/www.purmaq.com\/es\/wp-json\/wp\/v2\/pages"}],"about":[{"href":"http:\/\/www.purmaq.com\/es\/wp-json\/wp\/v2\/types\/page"}],"author":[{"embeddable":true,"href":"http:\/\/www.purmaq.com\/es\/wp-json\/wp\/v2\/users\/1"}],"replies":[{"embeddable":true,"href":"http:\/\/www.purmaq.com\/es\/wp-json\/wp\/v2\/comments?post=781"}],"version-history":[{"count":55,"href":"http:\/\/www.purmaq.com\/es\/wp-json\/wp\/v2\/pages\/781\/revisions"}],"predecessor-version":[{"id":1331,"href":"http:\/\/www.purmaq.com\/es\/wp-json\/wp\/v2\/pages\/781\/revisions\/1331"}],"wp:attachment":[{"href":"http:\/\/www.purmaq.com\/es\/wp-json\/wp\/v2\/media?parent=781"}],"curies":[{"name":"wp","href":"https:\/\/api.w.org\/{rel}","templated":true}]}}