{"id":963,"date":"2020-06-12T17:48:54","date_gmt":"2020-06-12T17:48:54","guid":{"rendered":"http:\/\/www.purmaq.com\/?page_id=963"},"modified":"2020-11-05T19:41:25","modified_gmt":"2020-11-05T19:41:25","slug":"contactos","status":"publish","type":"page","link":"http:\/\/www.purmaq.com\/es\/contactos\/","title":{"rendered":"Contactos"},"content":{"rendered":"<h2>CONTACTOS<\/h2>\n<div class=\"everest-forms\"><div class=\"evf-container default\" id=\"evf-699\"><form id=\"evf-form-699\" class=\"everest-form\" data-formid=\"699\" data-ajax_submission=\"0\" method=\"post\" enctype=\"multipart\/form-data\" action=\"\/es\/wp-json\/wp\/v2\/pages\/963\"><div class=\"evf-field-container\"><input type=\"hidden\" id=\"_wpnonce\" name=\"_wpnonce\" value=\"b6949dabf9\" \/><input type=\"hidden\" name=\"_wp_http_referer\" value=\"\/es\/wp-json\/wp\/v2\/pages\/963\" \/><div class=\"evf-frontend-row\" data-row=\"row_1\"><div class=\"evf-frontend-grid evf-grid-1\" data-grid=\"grid_1\"><div id=\"evf-699-field_fullname-container\" class=\"evf-field evf-field-text form-row validate-required\" data-required-field-message=\"Campo obligatorio.\" data-field-id=\"fullname\"><label class=\"evf-field-label\" for=\"evf-699-field_fullname\"><span class=\"evf-label\">Nombre<\/span> <abbr class=\"required\" title=\"Obligatorio\">*<\/abbr><\/label><input type=\"text\" id=\"evf-699-field_fullname\" class=\"input-text\" name=\"everest_forms[form_fields][fullname]\" required><\/div><div id=\"evf-699-field_email-container\" class=\"evf-field evf-field-email form-row validate-required validate-email\" data-required-field-message=\"Introduza um endere\u00e7o de email v\u00e1lido.\" data-field-id=\"email\"><label class=\"evf-field-label\" for=\"evf-699-field_email\"><span class=\"evf-label\">Email<\/span> <abbr class=\"required\" title=\"Obligatorio\">*<\/abbr><\/label><input type=\"email\" id=\"evf-699-field_email\" class=\"input-text\" name=\"everest_forms[form_fields][email]\" required><\/div><div id=\"evf-699-field_subject-container\" class=\"evf-field evf-field-text form-row validate-required\" data-required-field-message=\"Campo obrigat\u00f3rio.\" data-field-id=\"subject\"><label class=\"evf-field-label\" for=\"evf-699-field_subject\"><span class=\"evf-label\">Asunto<\/span> <abbr class=\"required\" title=\"Obligatorio\">*<\/abbr><\/label><input type=\"text\" id=\"evf-699-field_subject\" class=\"input-text\" name=\"everest_forms[form_fields][subject]\" required><\/div><div id=\"evf-699-field_message-container\" class=\"evf-field evf-field-textarea form-row validate-required\" data-required-field-message=\"Campo obligatorio.\" data-field-id=\"message\"><label class=\"evf-field-label\" for=\"evf-699-field_message\"><span class=\"evf-label\">Mensaje<\/span> <abbr class=\"required\" title=\"Obligatorio\">*<\/abbr><\/label><textarea id=\"evf-699-field_message\" class=\"input-text\" name=\"everest_forms[form_fields][message]\" required><\/textarea><\/div><\/div><\/div><\/div><div class=\"evf-honeypot-container evf-field-hp\"><label for=\"evf-699-field-hp\" class=\"evf-field-label\">Phone<\/label><input type=\"text\" name=\"everest_forms[hp]\" id=\"evf-699-field-hp\" class=\"input-text\"><\/div><div class=\"evf-submit-container \" ><input type=\"hidden\" name=\"everest_forms[id]\" value=\"699\"><input type=\"hidden\" name=\"everest_forms[author]\" value=\"1\"><button type='submit' name='everest_forms[submit]' class='everest-forms-submit-button button evf-submit ' id='evf-submit-699' value='evf-submit' data-process-text=\"A processar\u2026\" conditional_rules='\"\"' conditional_id='evf-submit-699' >Enviar<\/button><\/div><\/form><\/div><!-- .evf-container --><\/div>\n<figure><img src=\"http:\/\/www.purmaq.com\/wp-content\/uploads\/elementor\/thumbs\/Localizacao-oqvu56swe523ywhekvdtr9i0y3zgp1g6ra0dpciqlc.png\" title=\"Localizacao\" alt=\"Localizacao\" \/><\/figure>\n<h3>DIRECCI\u00d3N<\/h3>\n<p>Rua de Avioso, 184 <br \/>\nApartado 2036<br \/>\nCast\u00ealo da Maia<br \/>\n4476-909 Maia<br \/>\nPORTUGAL<\/p>\n<figure><img src=\"http:\/\/www.purmaq.com\/wp-content\/uploads\/elementor\/thumbs\/Telefones-oqvx4omfz27lpic9vu4vemyqlg5lyx73vbuehj4x0g.png\" title=\"Telefones\" alt=\"Telefones\" \/><\/figure>\n<h3>TEL\u00c9FONO<\/h3>\n<p>+351 229 825 960<\/p>\n<figure><img src=\"http:\/\/www.purmaq.com\/wp-content\/uploads\/elementor\/thumbs\/email-oqvxpfw4wcmk3i6tob59ywe6urueyalpq2hf0icxls.png\" title=\"email\" alt=\"email\" \/><\/figure>\n<h3>EMAIL<\/h3>\n<p><a href=\"mailto:purmaq@purmaq.com\">purmaq@purmaq.com<\/a><\/p>\n","protected":false},"excerpt":{"rendered":"<p>CONTACTOS DIRECCI\u00d3N Rua de Avioso, 184 Apartado 2036 Cast\u00ealo da Maia 4476-909 Maia PORTUGAL TEL\u00c9FONO +351 229 825 960 EMAIL purmaq@purmaq.com<\/p>\n","protected":false},"author":1,"featured_media":0,"parent":0,"menu_order":0,"comment_status":"closed","ping_status":"closed","template":"page-templates\/pagebuilder.php","meta":[],"translation":{"provider":"WPGlobus","version":"2.6.8","language":"es","enabled_languages":["pt","gb","es"],"languages":{"pt":{"title":true,"content":true,"excerpt":false},"gb":{"title":true,"content":true,"excerpt":false},"es":{"title":false,"content":true,"excerpt":false}}},"_links":{"self":[{"href":"http:\/\/www.purmaq.com\/es\/wp-json\/wp\/v2\/pages\/963"}],"collection":[{"href":"http:\/\/www.purmaq.com\/es\/wp-json\/wp\/v2\/pages"}],"about":[{"href":"http:\/\/www.purmaq.com\/es\/wp-json\/wp\/v2\/types\/page"}],"author":[{"embeddable":true,"href":"http:\/\/www.purmaq.com\/es\/wp-json\/wp\/v2\/users\/1"}],"replies":[{"embeddable":true,"href":"http:\/\/www.purmaq.com\/es\/wp-json\/wp\/v2\/comments?post=963"}],"version-history":[{"count":56,"href":"http:\/\/www.purmaq.com\/es\/wp-json\/wp\/v2\/pages\/963\/revisions"}],"predecessor-version":[{"id":1317,"href":"http:\/\/www.purmaq.com\/es\/wp-json\/wp\/v2\/pages\/963\/revisions\/1317"}],"wp:attachment":[{"href":"http:\/\/www.purmaq.com\/es\/wp-json\/wp\/v2\/media?parent=963"}],"curies":[{"name":"wp","href":"https:\/\/api.w.org\/{rel}","templated":true}]}}